{"id":241,"date":"2016-01-04T09:19:43","date_gmt":"2016-01-04T08:19:43","guid":{"rendered":"http:\/\/profitranslation.com\/it\/?page_id=241"},"modified":"2016-01-05T10:18:27","modified_gmt":"2016-01-05T09:18:27","slug":"referenze","status":"publish","type":"page","link":"https:\/\/profitranslation.com\/it\/referenze","title":{"rendered":"Referenze"},"content":{"rendered":"<h1>Referenze per interpretazioni di conferenza e notarili e per traduzioni specialistiche<\/h1>\n<h2>Dicono di me &#8211; I clienti<\/h2>\n<h3>Segreteria di Stato della migrazione SEM &#8211; Confederazione Svizzera<\/h3>\n<p>\u201c \u2026 Apprezziamo molto l\u2019attivit\u00e0 di interprete che la signora Maisuradze svolge presso il nostro Ufficio nonch\u00e9 il suo comportamento altamente professionale. La signora Maisuradze possiede la capacit\u00e0 di analizzare e comprendere rapidamente il senso di un discorso. Lei \u00e8 in grado di restare altamente concentrata anche durante interpretazioni di elevato grado di difficolt\u00e0 e di lunga durata, mantenendo costantemente un\u2019alta qualit\u00e0 della prestazione. Il suo modo di lavorare si contraddistingue per efficacia e impegno. Apprezziamo allo stesso tempo le sue qualit\u00e0 personali di grande rilevanza nell\u2019esercizio di questa professione. In particolare \u00e8 degna di nota la sua capacit\u00e0 di restare calma e di dimostrare pazienza anche in situazioni cariche di tensione e frenesia, mantenendo continuamente la giusta distanza emotiva e neutralit\u00e0. La sua capacit\u00e0 di lavorare in squadra \u00e8 caratterizzata da un comportamento amichevole e volto alla cooperazione. Grazie alle sue competenze linguistiche e qualit\u00e0 personali la signora Maisuradze fornisce un importante contributo\u2026 E\u2019 dunque di grande valore per il nostro Ufficio l\u2019ottima collaborazione con la signora Maisuradze.\u201d <\/p>\n<h3>DFAE \u2013 Dipartimento federale degli affari esteri <\/h3>\n<p>In merito ad una mia interpretazione nell\u2019ambito di un incontro ministeriale:<\/p>\n<p>\u201c \u2026 La tematica dell\u2019incontro era di elevata complessit\u00e0 e richiedeva grande precisione e padronanza linguistica. La signora Maisuradze ha interpretato inoltre molti incontri informali nell\u2019ambito del seminario. Ha svolto il proprio incarico di interprete garantendo la massima soddisfazione degli organizzatori e dei partecipanti.\u201d<\/p>\n<h3>SAJV \u2013 Federazione Svizzera delle Associazioni Giovanili<\/h3>\n<p>\u201c \u2026 Grazie a competenze linguistiche eccellenti e ad una preparazione minuziosa della documentazione della conferenza messa da noi a disposizione, ha sempre garantito interpretariati di conferenza di alto livello qualitativo. Altre importanti qualit\u00e0 come la capacit\u00e0 di gestire interpretariati di lunga durata, la flessibilit\u00e0 e lo spirito di squadra hanno sempre contribuito a un\u2019ottima riuscita del lavoro del team di interpreti.\u201d<\/p>\n<h3>Societ\u00e0 di revisione contabile di Francoforte sul Meno<\/h3>\n<p>\u201c \u2026 Le traduzioni si contraddistinguono per grande precisione semantica e accurata scelta terminologica derivanti da una approfondita conoscenza degli ambiti giuridico, economico e finanziario. Sono sempre stati rispettati termini di consegna anche brevi grazie alla sua disponibilit\u00e0 ad accettare incarichi spesso urgenti, garantendo una altissima qualit\u00e0 delle traduzioni\u2026 La riteniamo dunque una traduttrice di testi giuridici, economici e finanziari complessi per le lingue tedesco e italiano caratterizzata da grande competenza, impegno e affidabilit\u00e0.\u201d<\/p>\n<h3>Agenzia pubblicitaria della Baviera<\/h3>\n<p>\u201cSu nostro incarico Lei ha tradotto\u2026 una brochure con le presentazione di una serie di aziende della Baviera. Riguardo a tale traduzione abbiamo ricevuto dal nostro committente un feedback molto positivo.\u201d<\/p>\n<h2>I colleghi<\/h2>\n<h3>Nell\u2019ambito di una collaborazione nel settore automobilistico<\/h3>\n<p>\u201cGrazie mille, cara collega, il risultato \u00e8 assolutamente perfetto!\u201d<\/p>\n<p>\u201c\u2026 Riguardo alle traduzioni\u2026, che Le ho affidato, Lei ha dato prova di essere una collega affidabile e competente. Gli incarichi di traduzione sono sempre stati accettati rapidamente e consegnati nel rispetto dei termini stabiliti. Le traduzioni sono state eseguite con grande accuratezza, professionalit\u00e0 e buona conoscenza della materia. A livello umano ho potuto apprezzare il Suo modo semplice e gentile nonch\u00e9 molto collegiale di rapportarsi.\u201d <\/p>\n<h3>Collaborazione nell\u2019ambito dell\u2019Associazione professionale <\/h3>\n<p>\u201c\u2026Complimenti per lo stile chiaro, l\u2019articolo \u00e8 scritto in maniera interessante e piacevole. Perfetto!\u201d <\/p>\n","protected":false},"excerpt":{"rendered":"<p>Referenze per interpretazioni di conferenza e notarili e per traduzioni specialistiche Dicono di me &#8211; I clienti Segreteria di Stato della migrazione SEM &#8211; Confederazione Svizzera \u201c \u2026 Apprezziamo molto l\u2019attivit\u00e0 di interprete che la signora Maisuradze svolge presso il nostro Ufficio nonch\u00e9 il suo comportamento altamente professionale. La signora Maisuradze possiede la capacit\u00e0 di [&hellip;]<\/p>\n","protected":false},"author":1,"featured_media":0,"parent":0,"menu_order":3,"comment_status":"closed","ping_status":"closed","template":"","meta":[],"yoast_head":"<!-- This site is optimized with the Yoast SEO plugin v19.10 - https:\/\/yoast.com\/wordpress\/plugins\/seo\/ -->\n<title>Referenze \u2013 NINO MAISURADZE - Interprete di conferenza e traduttore<\/title>\n<meta name=\"description\" content=\"Un\u2019interpretazione di alta qualit\u00e0 della Sua conferenza \u00e8 garantita esclusivamente da interpreti di conferenza laureati, esperti e con esperienza.\" \/>\n<meta name=\"robots\" content=\"index, follow, max-snippet:-1, max-image-preview:large, max-video-preview:-1\" \/>\n<link rel=\"canonical\" href=\"https:\/\/profitranslation.com\/it\/referenze\" \/>\n<meta property=\"og:locale\" content=\"it_IT\" \/>\n<meta property=\"og:type\" content=\"article\" \/>\n<meta property=\"og:title\" content=\"Referenze \u2013 NINO MAISURADZE - Interprete di conferenza e traduttore\" \/>\n<meta property=\"og:description\" content=\"Un\u2019interpretazione di alta qualit\u00e0 della Sua conferenza \u00e8 garantita esclusivamente da interpreti di conferenza laureati, esperti e con esperienza.\" \/>\n<meta property=\"og:url\" content=\"https:\/\/profitranslation.com\/it\/referenze\" \/>\n<meta property=\"og:site_name\" content=\"NINO MAISURADZE - Konferenzdolmetscherin und Fach\u00fcbersetzerin\" \/>\n<meta property=\"article:modified_time\" content=\"2016-01-05T09:18:27+00:00\" \/>\n<meta name=\"twitter:card\" content=\"summary_large_image\" \/>\n<meta name=\"twitter:label1\" content=\"Est. reading time\" \/>\n\t<meta name=\"twitter:data1\" content=\"3 minutes\" \/>\n<script type=\"application\/ld+json\" class=\"yoast-schema-graph\">{\"@context\":\"https:\/\/schema.org\",\"@graph\":[{\"@type\":\"WebPage\",\"@id\":\"https:\/\/profitranslation.com\/it\/referenze\",\"url\":\"https:\/\/profitranslation.com\/it\/referenze\",\"name\":\"Referenze \u2013 NINO MAISURADZE - Interprete di conferenza e traduttore\",\"isPartOf\":{\"@id\":\"https:\/\/profitranslation.com\/#website\"},\"datePublished\":\"2016-01-04T08:19:43+00:00\",\"dateModified\":\"2016-01-05T09:18:27+00:00\",\"description\":\"Un\u2019interpretazione di alta qualit\u00e0 della Sua conferenza \u00e8 garantita esclusivamente da interpreti di conferenza laureati, esperti e con esperienza.\",\"breadcrumb\":{\"@id\":\"https:\/\/profitranslation.com\/it\/referenze#breadcrumb\"},\"inLanguage\":\"it-IT\",\"potentialAction\":[{\"@type\":\"ReadAction\",\"target\":[\"https:\/\/profitranslation.com\/it\/referenze\"]}]},{\"@type\":\"BreadcrumbList\",\"@id\":\"https:\/\/profitranslation.com\/it\/referenze#breadcrumb\",\"itemListElement\":[{\"@type\":\"ListItem\",\"position\":1,\"name\":\"Home\",\"item\":\"https:\/\/profitranslation.com\/it\/\"},{\"@type\":\"ListItem\",\"position\":2,\"name\":\"Referenze\"}]},{\"@type\":\"WebSite\",\"@id\":\"https:\/\/profitranslation.com\/#website\",\"url\":\"https:\/\/profitranslation.com\/\",\"name\":\"NINO MAISURADZE - Konferenzdolmetscherin und Fach\u00fcbersetzerin\",\"description\":false,\"potentialAction\":[{\"@type\":\"SearchAction\",\"target\":{\"@type\":\"EntryPoint\",\"urlTemplate\":\"https:\/\/profitranslation.com\/?s={search_term_string}\"},\"query-input\":\"required name=search_term_string\"}],\"inLanguage\":\"it-IT\"}]}<\/script>\n<!-- \/ Yoast SEO plugin. -->","yoast_head_json":{"title":"Referenze \u2013 NINO MAISURADZE - Interprete di conferenza e traduttore","description":"Un\u2019interpretazione di alta qualit\u00e0 della Sua conferenza \u00e8 garantita esclusivamente da interpreti di conferenza laureati, esperti e con esperienza.","robots":{"index":"index","follow":"follow","max-snippet":"max-snippet:-1","max-image-preview":"max-image-preview:large","max-video-preview":"max-video-preview:-1"},"canonical":"https:\/\/profitranslation.com\/it\/referenze","og_locale":"it_IT","og_type":"article","og_title":"Referenze \u2013 NINO MAISURADZE - Interprete di conferenza e traduttore","og_description":"Un\u2019interpretazione di alta qualit\u00e0 della Sua conferenza \u00e8 garantita esclusivamente da interpreti di conferenza laureati, esperti e con esperienza.","og_url":"https:\/\/profitranslation.com\/it\/referenze","og_site_name":"NINO MAISURADZE - Konferenzdolmetscherin und Fach\u00fcbersetzerin","article_modified_time":"2016-01-05T09:18:27+00:00","twitter_card":"summary_large_image","twitter_misc":{"Est. reading time":"3 minutes"},"schema":{"@context":"https:\/\/schema.org","@graph":[{"@type":"WebPage","@id":"https:\/\/profitranslation.com\/it\/referenze","url":"https:\/\/profitranslation.com\/it\/referenze","name":"Referenze \u2013 NINO MAISURADZE - Interprete di conferenza e traduttore","isPartOf":{"@id":"https:\/\/profitranslation.com\/#website"},"datePublished":"2016-01-04T08:19:43+00:00","dateModified":"2016-01-05T09:18:27+00:00","description":"Un\u2019interpretazione di alta qualit\u00e0 della Sua conferenza \u00e8 garantita esclusivamente da interpreti di conferenza laureati, esperti e con esperienza.","breadcrumb":{"@id":"https:\/\/profitranslation.com\/it\/referenze#breadcrumb"},"inLanguage":"it-IT","potentialAction":[{"@type":"ReadAction","target":["https:\/\/profitranslation.com\/it\/referenze"]}]},{"@type":"BreadcrumbList","@id":"https:\/\/profitranslation.com\/it\/referenze#breadcrumb","itemListElement":[{"@type":"ListItem","position":1,"name":"Home","item":"https:\/\/profitranslation.com\/it\/"},{"@type":"ListItem","position":2,"name":"Referenze"}]},{"@type":"WebSite","@id":"https:\/\/profitranslation.com\/#website","url":"https:\/\/profitranslation.com\/","name":"NINO MAISURADZE - Konferenzdolmetscherin und Fach\u00fcbersetzerin","description":false,"potentialAction":[{"@type":"SearchAction","target":{"@type":"EntryPoint","urlTemplate":"https:\/\/profitranslation.com\/?s={search_term_string}"},"query-input":"required name=search_term_string"}],"inLanguage":"it-IT"}]}},"_links":{"self":[{"href":"https:\/\/profitranslation.com\/it\/wp-json\/wp\/v2\/pages\/241"}],"collection":[{"href":"https:\/\/profitranslation.com\/it\/wp-json\/wp\/v2\/pages"}],"about":[{"href":"https:\/\/profitranslation.com\/it\/wp-json\/wp\/v2\/types\/page"}],"author":[{"embeddable":true,"href":"https:\/\/profitranslation.com\/it\/wp-json\/wp\/v2\/users\/1"}],"replies":[{"embeddable":true,"href":"https:\/\/profitranslation.com\/it\/wp-json\/wp\/v2\/comments?post=241"}],"version-history":[{"count":6,"href":"https:\/\/profitranslation.com\/it\/wp-json\/wp\/v2\/pages\/241\/revisions"}],"predecessor-version":[{"id":250,"href":"https:\/\/profitranslation.com\/it\/wp-json\/wp\/v2\/pages\/241\/revisions\/250"}],"wp:attachment":[{"href":"https:\/\/profitranslation.com\/it\/wp-json\/wp\/v2\/media?parent=241"}],"curies":[{"name":"wp","href":"https:\/\/api.w.org\/{rel}","templated":true}]}}