{"id":203,"date":"2015-11-13T15:13:36","date_gmt":"2015-11-13T14:13:36","guid":{"rendered":"http:\/\/profitranslation.com\/?page_id=203&#038;lang=it"},"modified":"2015-11-13T19:26:50","modified_gmt":"2015-11-13T18:26:50","slug":"preventivi","status":"publish","type":"page","link":"https:\/\/profitranslation.com\/it\/preventivi","title":{"rendered":"Preventivi"},"content":{"rendered":"<h1>Preventivi per interpretariato di conferenza<\/h1>\n<p>I prezzi si definiscono in base alla tipologia della conferenza, alla modalit\u00e0 di interpretariato richiesta e alle tempistiche. Sar\u00f2 lieta di farti pervenire un preventivo personalizzato che risponda al meglio alle tue esigenze.<\/p>\n<h2>Preventivi per traduzioni specialistiche<\/h2>\n<p>I prezzi per le traduzioni specialistiche vengono calcolati in base al numero di righe standard (55 battute spazi vuoti inclusi). La tariffa per riga si determina in base al grado di complessit\u00e0 e alla dimensione del testo, nonch\u00e9 in base alle tempistiche di consegna richieste. Sar\u00f2 lieta di farti avere un preventivo personalizzato e non vincolante.<\/p>\n<p>Mi occupo dell\u2019intera gestione dell\u2019incarico \u2013 dall\u2019accettazione all\u2019esecuzione della traduzione fino all\u2019eventuale autenticazione della stessa. In questo modo non viene applicata nessuna commissione di intermediazione e viene garantito un ottimo rapporto qualit\u00e0 prezzo.<\/p>\n","protected":false},"excerpt":{"rendered":"<p>Preventivi per interpretariato di conferenza I prezzi si definiscono in base alla tipologia della conferenza, alla modalit\u00e0 di interpretariato richiesta e alle tempistiche. Sar\u00f2 lieta di farti pervenire un preventivo personalizzato che risponda al meglio alle tue esigenze. Preventivi per traduzioni specialistiche I prezzi per le traduzioni specialistiche vengono calcolati in base al numero di [&hellip;]<\/p>\n","protected":false},"author":3,"featured_media":0,"parent":0,"menu_order":4,"comment_status":"closed","ping_status":"closed","template":"","meta":[],"yoast_head":"<!-- This site is optimized with the Yoast SEO plugin v19.10 - https:\/\/yoast.com\/wordpress\/plugins\/seo\/ -->\n<title>Preventivi - NINO MAISURADZE - Interprete di conferenza e traduttrice<\/title>\n<meta name=\"description\" content=\"Preventivi per interpretariato di conferenza si definiscono in base alla modalit\u00e0 di interpretariato. Sar\u00f2 lieta di farti pervenire un preventivo personalizzato\" \/>\n<meta name=\"robots\" content=\"index, follow, max-snippet:-1, max-image-preview:large, max-video-preview:-1\" \/>\n<link rel=\"canonical\" href=\"https:\/\/profitranslation.com\/it\/preventivi\" \/>\n<meta property=\"og:locale\" content=\"it_IT\" \/>\n<meta property=\"og:type\" content=\"article\" \/>\n<meta property=\"og:title\" content=\"Preventivi - NINO MAISURADZE - Interprete di conferenza e traduttrice\" \/>\n<meta property=\"og:description\" content=\"Preventivi per interpretariato di conferenza si definiscono in base alla modalit\u00e0 di interpretariato. Sar\u00f2 lieta di farti pervenire un preventivo personalizzato\" \/>\n<meta property=\"og:url\" content=\"https:\/\/profitranslation.com\/it\/preventivi\" \/>\n<meta property=\"og:site_name\" content=\"NINO MAISURADZE - Konferenzdolmetscherin und Fach\u00fcbersetzerin\" \/>\n<meta property=\"article:modified_time\" content=\"2015-11-13T18:26:50+00:00\" \/>\n<meta name=\"twitter:card\" content=\"summary_large_image\" \/>\n<meta name=\"twitter:label1\" content=\"Est. reading time\" \/>\n\t<meta name=\"twitter:data1\" content=\"1 minute\" \/>\n<script type=\"application\/ld+json\" class=\"yoast-schema-graph\">{\"@context\":\"https:\/\/schema.org\",\"@graph\":[{\"@type\":\"WebPage\",\"@id\":\"https:\/\/profitranslation.com\/it\/preventivi\",\"url\":\"https:\/\/profitranslation.com\/it\/preventivi\",\"name\":\"Preventivi - NINO MAISURADZE - Interprete di conferenza e traduttrice\",\"isPartOf\":{\"@id\":\"https:\/\/profitranslation.com\/#website\"},\"datePublished\":\"2015-11-13T14:13:36+00:00\",\"dateModified\":\"2015-11-13T18:26:50+00:00\",\"description\":\"Preventivi per interpretariato di conferenza si definiscono in base alla modalit\u00e0 di interpretariato. Sar\u00f2 lieta di farti pervenire un preventivo personalizzato\",\"breadcrumb\":{\"@id\":\"https:\/\/profitranslation.com\/it\/preventivi#breadcrumb\"},\"inLanguage\":\"it-IT\",\"potentialAction\":[{\"@type\":\"ReadAction\",\"target\":[\"https:\/\/profitranslation.com\/it\/preventivi\"]}]},{\"@type\":\"BreadcrumbList\",\"@id\":\"https:\/\/profitranslation.com\/it\/preventivi#breadcrumb\",\"itemListElement\":[{\"@type\":\"ListItem\",\"position\":1,\"name\":\"Home\",\"item\":\"https:\/\/profitranslation.com\/it\/\"},{\"@type\":\"ListItem\",\"position\":2,\"name\":\"Preventivi\"}]},{\"@type\":\"WebSite\",\"@id\":\"https:\/\/profitranslation.com\/#website\",\"url\":\"https:\/\/profitranslation.com\/\",\"name\":\"NINO MAISURADZE - Konferenzdolmetscherin und Fach\u00fcbersetzerin\",\"description\":false,\"potentialAction\":[{\"@type\":\"SearchAction\",\"target\":{\"@type\":\"EntryPoint\",\"urlTemplate\":\"https:\/\/profitranslation.com\/?s={search_term_string}\"},\"query-input\":\"required name=search_term_string\"}],\"inLanguage\":\"it-IT\"}]}<\/script>\n<!-- \/ Yoast SEO plugin. -->","yoast_head_json":{"title":"Preventivi - NINO MAISURADZE - Interprete di conferenza e traduttrice","description":"Preventivi per interpretariato di conferenza si definiscono in base alla modalit\u00e0 di interpretariato. Sar\u00f2 lieta di farti pervenire un preventivo personalizzato","robots":{"index":"index","follow":"follow","max-snippet":"max-snippet:-1","max-image-preview":"max-image-preview:large","max-video-preview":"max-video-preview:-1"},"canonical":"https:\/\/profitranslation.com\/it\/preventivi","og_locale":"it_IT","og_type":"article","og_title":"Preventivi - NINO MAISURADZE - Interprete di conferenza e traduttrice","og_description":"Preventivi per interpretariato di conferenza si definiscono in base alla modalit\u00e0 di interpretariato. Sar\u00f2 lieta di farti pervenire un preventivo personalizzato","og_url":"https:\/\/profitranslation.com\/it\/preventivi","og_site_name":"NINO MAISURADZE - Konferenzdolmetscherin und Fach\u00fcbersetzerin","article_modified_time":"2015-11-13T18:26:50+00:00","twitter_card":"summary_large_image","twitter_misc":{"Est. reading time":"1 minute"},"schema":{"@context":"https:\/\/schema.org","@graph":[{"@type":"WebPage","@id":"https:\/\/profitranslation.com\/it\/preventivi","url":"https:\/\/profitranslation.com\/it\/preventivi","name":"Preventivi - NINO MAISURADZE - Interprete di conferenza e traduttrice","isPartOf":{"@id":"https:\/\/profitranslation.com\/#website"},"datePublished":"2015-11-13T14:13:36+00:00","dateModified":"2015-11-13T18:26:50+00:00","description":"Preventivi per interpretariato di conferenza si definiscono in base alla modalit\u00e0 di interpretariato. Sar\u00f2 lieta di farti pervenire un preventivo personalizzato","breadcrumb":{"@id":"https:\/\/profitranslation.com\/it\/preventivi#breadcrumb"},"inLanguage":"it-IT","potentialAction":[{"@type":"ReadAction","target":["https:\/\/profitranslation.com\/it\/preventivi"]}]},{"@type":"BreadcrumbList","@id":"https:\/\/profitranslation.com\/it\/preventivi#breadcrumb","itemListElement":[{"@type":"ListItem","position":1,"name":"Home","item":"https:\/\/profitranslation.com\/it\/"},{"@type":"ListItem","position":2,"name":"Preventivi"}]},{"@type":"WebSite","@id":"https:\/\/profitranslation.com\/#website","url":"https:\/\/profitranslation.com\/","name":"NINO MAISURADZE - Konferenzdolmetscherin und Fach\u00fcbersetzerin","description":false,"potentialAction":[{"@type":"SearchAction","target":{"@type":"EntryPoint","urlTemplate":"https:\/\/profitranslation.com\/?s={search_term_string}"},"query-input":"required name=search_term_string"}],"inLanguage":"it-IT"}]}},"_links":{"self":[{"href":"https:\/\/profitranslation.com\/it\/wp-json\/wp\/v2\/pages\/203"}],"collection":[{"href":"https:\/\/profitranslation.com\/it\/wp-json\/wp\/v2\/pages"}],"about":[{"href":"https:\/\/profitranslation.com\/it\/wp-json\/wp\/v2\/types\/page"}],"author":[{"embeddable":true,"href":"https:\/\/profitranslation.com\/it\/wp-json\/wp\/v2\/users\/3"}],"replies":[{"embeddable":true,"href":"https:\/\/profitranslation.com\/it\/wp-json\/wp\/v2\/comments?post=203"}],"version-history":[{"count":2,"href":"https:\/\/profitranslation.com\/it\/wp-json\/wp\/v2\/pages\/203\/revisions"}],"predecessor-version":[{"id":205,"href":"https:\/\/profitranslation.com\/it\/wp-json\/wp\/v2\/pages\/203\/revisions\/205"}],"wp:attachment":[{"href":"https:\/\/profitranslation.com\/it\/wp-json\/wp\/v2\/media?parent=203"}],"curies":[{"name":"wp","href":"https:\/\/api.w.org\/{rel}","templated":true}]}}